{"id":367,"date":"2021-02-16T14:29:33","date_gmt":"2021-02-16T11:29:33","guid":{"rendered":"https:\/\/www.gokovadagevleri.com\/en\/?page_id=367"},"modified":"2021-03-06T13:24:29","modified_gmt":"2021-03-06T10:24:29","slug":"about-us","status":"publish","type":"page","link":"https:\/\/www.gokovadagevleri.com\/en\/about-us\/","title":{"rendered":"About Us"},"content":{"rendered":"<p>G\u00f6kova Mountain Houses, built in a sheltered way between pine forests and olive trees, where blue and green meet in the unique view of the G\u00f6kova plain, is your home in nature where you can experience peace, tranquility and happiness. You can witness the sunrise in the morning and at night you can almost hold all the stars with your hand.<\/p>\n<p>In the heart of nature away from the noise and stress of the city, you can enjoy the peace and happiness while listening to the birds singing in front of the fireplace that burns loudly in winter and in your own sheltered pool in your garden in summer.<\/p>\n<p>Located in Kuyucak-Obrukalani area, Gokova Mountain Houses is 5 km away from Akyaka. They are mountain houses consisting of 3 units with a private sheltered pool. Our guests can make use of the pool and barbecue facilities that are unique to each chalet. Free private parking is available on site.<\/p>\n<p>There is a seating area, a dining area and a kitchen equipped with an oven, dishwasher and small appliances. Towels and bed linen are provided at Gokova Dag Evleri. Other facilities offered at G\u00f6kova Mountain Houses include a sun terrace. The area is popular for kitesurfing and horse riding.<\/p>\n<p>Guests can engage in various activities such as cycling, stand up paddle board (SUP) and fishing in the surrounding area, visit the K\u00f6yce\u011fiz Lake and the Kalklar Waterfall in K\u00f6yce\u011fiz. The nearest airports, Dalaman Airport, are 70 km and Bodrum-Milas Airport is 105 km away.<\/p>\n<p>G\u00f6kova Da\u011f Evleri has been welcoming its guests since 28 Jun 2004.<\/p>\n<h2><strong>Location<\/strong><\/h2>\n<p>It is located in Mu\u011fla province, Mente\u015fe district, Kuyucak Obrukalan location and is 3.7 km from Akyaka and 10 km from G\u00f6kova.<\/p>\n<p>Dalaman (DLM) Airport 74.8 km<\/p>\n<p>Bodrum-Milas (BJV) Airport 105 km<\/p>\n<p>The nearest beach is 4.1 km,<\/p>\n<p>The nearest restaurant is 4.1 km,<\/p>\n<p>The market and grocery store are 4.1 km away.<\/p>\n<p>35 km from Marmaris,<\/p>\n<p>79 km from G\u00f6cek,<\/p>\n<p>It is 105 km from Fethiye.<\/p>\n","protected":false},"excerpt":{"rendered":"<p>G\u00f6kova Mountain Houses, built in a sheltered way between pine forests and olive trees, where blue and green meet in the unique view of the G\u00f6kova plain, is your home in nature where you can experience peace, tranquility and happiness. You can witness the sunrise in the morning and at night you can almost hold [&hellip;]<\/p>\n","protected":false},"author":1,"featured_media":0,"parent":0,"menu_order":0,"comment_status":"closed","ping_status":"closed","template":"","meta":{"footnotes":""},"class_list":["post-367","page","type-page","status-publish","czr-hentry"],"yoast_head":"<!-- This site is optimized with the Yoast SEO plugin v15.9.1 - https:\/\/yoast.com\/wordpress\/plugins\/seo\/ -->\n<title>About Us - Hidden Mountain Houses Akyaka Gokova<\/title>\n<meta name=\"description\" content=\"Enjoy your holiday in the comfort of your home in Hidden Mountain House. Detached sheltered villas with pool.\" \/>\n<link rel=\"canonical\" href=\"https:\/\/www.gokovadagevleri.com\/en\/about-us\/\" \/>\n<meta property=\"og:locale\" content=\"tr_TR\" \/>\n<meta property=\"og:type\" content=\"article\" \/>\n<meta property=\"og:title\" content=\"About Us - Hidden Mountain Houses Akyaka Gokova\" \/>\n<meta property=\"og:description\" content=\"Enjoy your holiday in the comfort of your home in Hidden Mountain House. Detached sheltered villas with pool.\" \/>\n<meta property=\"og:url\" content=\"https:\/\/www.gokovadagevleri.com\/en\/about-us\/\" \/>\n<meta property=\"og:site_name\" content=\"Hidden Mountain Houses Akyaka Gokova\" \/>\n<meta property=\"article:modified_time\" content=\"2021-03-06T10:24:29+00:00\" \/>\n<meta name=\"twitter:card\" content=\"summary_large_image\" \/>\n<meta name=\"twitter:label1\" content=\"Tahmini okuma s\u00fcresi\">\n\t<meta name=\"twitter:data1\" content=\"2 dakika\">\n<script type=\"application\/ld+json\" class=\"yoast-schema-graph\">{\"@context\":\"https:\/\/schema.org\",\"@graph\":[{\"@type\":\"Organization\",\"@id\":\"https:\/\/www.gokovadagevleri.com\/en\/#organization\",\"name\":\"Vali Turizm Dan.Hiz.Ta\\u015f.Tar.\\u00dcr.G\\u0131da \\u0130n\\u015f. Taah.San.ve.Tic.Ltd.\\u015eti.\",\"url\":\"https:\/\/www.gokovadagevleri.com\/en\/\",\"sameAs\":[],\"logo\":{\"@type\":\"ImageObject\",\"@id\":\"https:\/\/www.gokovadagevleri.com\/en\/#logo\",\"inLanguage\":\"tr\",\"url\":\"https:\/\/www.gokovadagevleri.com\/en\/wp-content\/uploads\/2021\/02\/logo.jpg\",\"width\":425,\"height\":116,\"caption\":\"Vali Turizm Dan.Hiz.Ta\\u015f.Tar.\\u00dcr.G\\u0131da \\u0130n\\u015f. Taah.San.ve.Tic.Ltd.\\u015eti.\"},\"image\":{\"@id\":\"https:\/\/www.gokovadagevleri.com\/en\/#logo\"}},{\"@type\":\"WebSite\",\"@id\":\"https:\/\/www.gokovadagevleri.com\/en\/#website\",\"url\":\"https:\/\/www.gokovadagevleri.com\/en\/\",\"name\":\"Hidden Mountain Houses Akyaka Gokova\",\"description\":\"Detached and sheltered villas with private pool in Akyaka, G\\u00f6kova\",\"publisher\":{\"@id\":\"https:\/\/www.gokovadagevleri.com\/en\/#organization\"},\"potentialAction\":[{\"@type\":\"SearchAction\",\"target\":\"https:\/\/www.gokovadagevleri.com\/en\/?s={search_term_string}\",\"query-input\":\"required name=search_term_string\"}],\"inLanguage\":\"tr\"},{\"@type\":\"WebPage\",\"@id\":\"https:\/\/www.gokovadagevleri.com\/en\/about-us\/#webpage\",\"url\":\"https:\/\/www.gokovadagevleri.com\/en\/about-us\/\",\"name\":\"About Us - Hidden Mountain Houses Akyaka Gokova\",\"isPartOf\":{\"@id\":\"https:\/\/www.gokovadagevleri.com\/en\/#website\"},\"datePublished\":\"2021-02-16T11:29:33+00:00\",\"dateModified\":\"2021-03-06T10:24:29+00:00\",\"description\":\"Enjoy your holiday in the comfort of your home in Hidden Mountain House. Detached sheltered villas with pool.\",\"breadcrumb\":{\"@id\":\"https:\/\/www.gokovadagevleri.com\/en\/about-us\/#breadcrumb\"},\"inLanguage\":\"tr\",\"potentialAction\":[{\"@type\":\"ReadAction\",\"target\":[\"https:\/\/www.gokovadagevleri.com\/en\/about-us\/\"]}]},{\"@type\":\"BreadcrumbList\",\"@id\":\"https:\/\/www.gokovadagevleri.com\/en\/about-us\/#breadcrumb\",\"itemListElement\":[{\"@type\":\"ListItem\",\"position\":1,\"item\":{\"@type\":\"WebPage\",\"@id\":\"https:\/\/www.gokovadagevleri.com\/en\/\",\"url\":\"https:\/\/www.gokovadagevleri.com\/en\/\",\"name\":\"Anasayfa\"}},{\"@type\":\"ListItem\",\"position\":2,\"item\":{\"@type\":\"WebPage\",\"@id\":\"https:\/\/www.gokovadagevleri.com\/en\/about-us\/\",\"url\":\"https:\/\/www.gokovadagevleri.com\/en\/about-us\/\",\"name\":\"About Us\"}}]}]}<\/script>\n<!-- \/ Yoast SEO plugin. -->","_links":{"self":[{"href":"https:\/\/www.gokovadagevleri.com\/en\/wp-json\/wp\/v2\/pages\/367","targetHints":{"allow":["GET"]}}],"collection":[{"href":"https:\/\/www.gokovadagevleri.com\/en\/wp-json\/wp\/v2\/pages"}],"about":[{"href":"https:\/\/www.gokovadagevleri.com\/en\/wp-json\/wp\/v2\/types\/page"}],"author":[{"embeddable":true,"href":"https:\/\/www.gokovadagevleri.com\/en\/wp-json\/wp\/v2\/users\/1"}],"replies":[{"embeddable":true,"href":"https:\/\/www.gokovadagevleri.com\/en\/wp-json\/wp\/v2\/comments?post=367"}],"version-history":[{"count":5,"href":"https:\/\/www.gokovadagevleri.com\/en\/wp-json\/wp\/v2\/pages\/367\/revisions"}],"predecessor-version":[{"id":635,"href":"https:\/\/www.gokovadagevleri.com\/en\/wp-json\/wp\/v2\/pages\/367\/revisions\/635"}],"wp:attachment":[{"href":"https:\/\/www.gokovadagevleri.com\/en\/wp-json\/wp\/v2\/media?parent=367"}],"curies":[{"name":"wp","href":"https:\/\/api.w.org\/{rel}","templated":true}]}}